{"id":99,"date":"2020-09-28T17:51:59","date_gmt":"2020-09-28T17:51:59","guid":{"rendered":"https:\/\/vingolf.dk\/?page_id=99"},"modified":"2023-05-29T08:14:59","modified_gmt":"2023-05-29T08:14:59","slug":"bestyrelsen","status":"publish","type":"page","link":"https:\/\/vingolf.dk\/index.php\/bestyrelsen\/","title":{"rendered":"Bestyrelsen"},"content":{"rendered":"\n<h2 class=\"wp-block-heading\">GF Vingolf bestyrelse og revisorer 2020<\/h2>\n\n\n\n<p><strong>Formand<\/strong> (medlem af TrappeLaug)<br>Hanne Dik<br>Lundesvinget 3, 3210 Vejby<br>E-mail: hannedik@gmail.com<\/p>\n\n\n\n<p><strong>N\u00e6stformand<\/strong><br>Jan Holdgaard Thomsen<br>Baldersvej 12, 3210 Vejby<\/p>\n\n\n\n<p><strong>Kasserer<\/strong><br>Ole Bj\u00f8rke, Vingolfsvej 7, 3210 Vejby<\/p>\n\n\n\n<p><strong>Sekret\u00e6r<\/strong><br>Henriette Cordes Lundesvinget 10, 3210 Vejby<br>E-mail: hcordes@hotmail.dk<\/p>\n\n\n\n<p><strong>Bestyrelses medlem<\/strong><br>Troels Pade, Langagervej 9, 3210 Vejby <\/p>\n\n\n\n<p><a href=\"mailto:troels0106@yahoo.dk\">troels0106@yahoo.dk<\/a><\/p>\n\n\n\n<p><strong>Suppleanter:<\/strong><br>Lars Nilaus Langagervej 17, 3210 Vejby<br>E-mail: Lars.nilaus@gmail.com<\/p>\n\n\n\n<p>Bo Bang Petersen Langagervej 15, 32110 Vejby<br>E-mail: bobangp@privat.dk (medlem af TrappeLaug)<\/p>\n\n\n\n<p><\/p>\n\n\n\n<p><strong>Revisorer:<\/strong><br>Peter Nisbeth Langagervej 18 ,3210 Vejby<\/p>\n\n\n\n<p>Jens Graumann, Langagervej 3, 3210 Vejby<\/p>\n","protected":false},"excerpt":{"rendered":"<p>GF Vingolf bestyrelse og revisorer 2020 Formand (medlem af TrappeLaug)Hanne DikLundesvinget 3, 3210 VejbyE-mail: hannedik@gmail.com N\u00e6stformandJan Holdgaard ThomsenBaldersvej 12, 3210 Vejby KassererOle Bj\u00f8rke, Vingolfsvej 7, 3210 Vejby Sekret\u00e6rHenriette Cordes Lundesvinget 10, 3210 VejbyE-mail: hcordes@hotmail.dk Bestyrelses medlemTroels Pade, Langagervej 9, 3210 &hellip; <a href=\"https:\/\/vingolf.dk\/index.php\/bestyrelsen\/\">L\u00e6s resten <span class=\"meta-nav\">&rarr;<\/span><\/a><\/p>\n","protected":false},"author":1,"featured_media":0,"parent":0,"menu_order":0,"comment_status":"closed","ping_status":"closed","template":"sidebar-page.php","meta":{"footnotes":""},"class_list":["post-99","page","type-page","status-publish","hentry"],"_links":{"self":[{"href":"https:\/\/vingolf.dk\/index.php\/wp-json\/wp\/v2\/pages\/99","targetHints":{"allow":["GET"]}}],"collection":[{"href":"https:\/\/vingolf.dk\/index.php\/wp-json\/wp\/v2\/pages"}],"about":[{"href":"https:\/\/vingolf.dk\/index.php\/wp-json\/wp\/v2\/types\/page"}],"author":[{"embeddable":true,"href":"https:\/\/vingolf.dk\/index.php\/wp-json\/wp\/v2\/users\/1"}],"replies":[{"embeddable":true,"href":"https:\/\/vingolf.dk\/index.php\/wp-json\/wp\/v2\/comments?post=99"}],"version-history":[{"count":5,"href":"https:\/\/vingolf.dk\/index.php\/wp-json\/wp\/v2\/pages\/99\/revisions"}],"predecessor-version":[{"id":301,"href":"https:\/\/vingolf.dk\/index.php\/wp-json\/wp\/v2\/pages\/99\/revisions\/301"}],"wp:attachment":[{"href":"https:\/\/vingolf.dk\/index.php\/wp-json\/wp\/v2\/media?parent=99"}],"curies":[{"name":"wp","href":"https:\/\/api.w.org\/{rel}","templated":true}]}}