{"id":96,"date":"2020-09-28T17:50:11","date_gmt":"2020-09-28T17:50:11","guid":{"rendered":"https:\/\/vingolf.dk\/?page_id=96"},"modified":"2022-08-07T12:55:38","modified_gmt":"2022-08-07T12:55:38","slug":"ordensbestemmelser","status":"publish","type":"page","link":"https:\/\/vingolf.dk\/index.php\/ordensbestemmelser\/","title":{"rendered":"Ordensbestemmelser"},"content":{"rendered":"\n<p>Grundejerforeningen VINGOLF<br>Holl\u00f8selund 5 MAJ 1996<\/p>\n\n\n\n<p>l tilslutning til den p\u00e5 foreningens parceller tinglyste deklaration af 1.4. l966 om parcellernes benyttelse m.m. fasts\u00e6ttes nedenst\u00e5ende ordensbestemmelser for parceller, veje og stier indenfor foreningens omr\u00e5de.<\/p>\n\n\n\n<ol class=\"wp-block-list\"><li>Medlemmerne er if\u00f8lge den p\u00e5 parcellerne tinglyste deklaration om medlemskab af grundejerforeningen mm. pligtige at overholde ordensbestemmelserne.<\/li><li>Indenfor foreningens omr\u00e5de m\u00e5 ikke foretages noget, der strider mod omr\u00e5dets karakter.<\/li><li>Lastbiler og andre erhvervsk\u00f8ret\u00f8jer m\u00e5 ikke parkeres p\u00e5 vejene, bortset fra almindelig p\u00e5- og afl\u00e6sning. Enhver anden parkering, som ikke er af kortere varighed, skal finde sted p\u00e5 parcellerne.<\/li><li>P\u00e5 parceller, veje, gr\u00e6srabatter og stier skal orden og renlighed overholdes.<br>Veje, gr\u00e6srabatter og stier m\u00e5 ikke benyttes til oplag af nogen art. Der m\u00e5 ikke foretages opgravninger i foreningens veje og stier, forinden bestyrelsens skriftlige tilladelse er indhentet.<\/li><li>Medlemmerne er pligtige at udbedre de af dem forvoldte skader p\u00e5 veje og stier, herunder skader forvoldt af rodskud fra tr\u00e6er og andre planter p\u00e5 parcellen. Hvis skaden ikke er udbedret indenfor en af bestyrelsen fastsat frist, kan bestyrelsen lade arbejdet udf\u00f8re for det p\u00e5g\u00e6ldende medlems regning.<\/li><li>Afbr\u00e6nding af haveaffald skal ske i overensstemmelse med det til enhver tid g\u00e6ldende kommunale regulativ herom.<\/li><li>Pl\u00e6neklipning, brug af motoriserede save, flismaskiner, kantklippere og lignende, m\u00e5 <em><u>i perioden fra 1. marts til 1. oktober<\/u> <\/em>ikke finde sted p\u00e5 s\u00f8n- og helligdage efter kl. 12.00. Gr\u00e6sset incl. rabatter og stier skal sl\u00e5s mindst 2 gange om \u00e5ret, nemlig 1 gang i maj m\u00e5ned og 1 gang i september m\u00e5ned.<\/li><li>H\u00f8jeste hastighed for motork\u00f8rsel p\u00e5 foreningens veje og stier er fastsat til 30km\/t<\/li><li>Ved for sent indbetalt kontingent og for ikke rettidigt indbetalt for gr\u00e6ssl\u00e5ning<br>opkr\u00e6ves et gebyr p\u00e5 kr. 100,-<\/li><\/ol>\n\n\n\n<p>Ovenst\u00e5ende er vedtaget p\u00e5 generalforsamlingen d. 11.10.1967 og \u00e6ndringer p\u00e5<br>generalforsamlinger i 1972, 1973, 1980, 1983, 1984, 1994 og 1996.<\/p>\n","protected":false},"excerpt":{"rendered":"<p>Grundejerforeningen VINGOLFHoll\u00f8selund 5 MAJ 1996 l tilslutning til den p\u00e5 foreningens parceller tinglyste deklaration af 1.4. l966 om parcellernes benyttelse m.m. fasts\u00e6ttes nedenst\u00e5ende ordensbestemmelser for parceller, veje og stier indenfor foreningens omr\u00e5de. Medlemmerne er if\u00f8lge den p\u00e5 parcellerne tinglyste deklaration &hellip; <a href=\"https:\/\/vingolf.dk\/index.php\/ordensbestemmelser\/\">L\u00e6s resten <span class=\"meta-nav\">&rarr;<\/span><\/a><\/p>\n","protected":false},"author":1,"featured_media":0,"parent":0,"menu_order":0,"comment_status":"closed","ping_status":"closed","template":"sidebar-page.php","meta":{"footnotes":""},"class_list":["post-96","page","type-page","status-publish","hentry"],"_links":{"self":[{"href":"https:\/\/vingolf.dk\/index.php\/wp-json\/wp\/v2\/pages\/96","targetHints":{"allow":["GET"]}}],"collection":[{"href":"https:\/\/vingolf.dk\/index.php\/wp-json\/wp\/v2\/pages"}],"about":[{"href":"https:\/\/vingolf.dk\/index.php\/wp-json\/wp\/v2\/types\/page"}],"author":[{"embeddable":true,"href":"https:\/\/vingolf.dk\/index.php\/wp-json\/wp\/v2\/users\/1"}],"replies":[{"embeddable":true,"href":"https:\/\/vingolf.dk\/index.php\/wp-json\/wp\/v2\/comments?post=96"}],"version-history":[{"count":4,"href":"https:\/\/vingolf.dk\/index.php\/wp-json\/wp\/v2\/pages\/96\/revisions"}],"predecessor-version":[{"id":275,"href":"https:\/\/vingolf.dk\/index.php\/wp-json\/wp\/v2\/pages\/96\/revisions\/275"}],"wp:attachment":[{"href":"https:\/\/vingolf.dk\/index.php\/wp-json\/wp\/v2\/media?parent=96"}],"curies":[{"name":"wp","href":"https:\/\/api.w.org\/{rel}","templated":true}]}}