{"id":93,"date":"2020-09-28T17:45:54","date_gmt":"2020-09-28T17:45:54","guid":{"rendered":"https:\/\/vingolf.dk\/?page_id=93"},"modified":"2022-08-07T12:59:04","modified_gmt":"2022-08-07T12:59:04","slug":"vedtaegter","status":"publish","type":"page","link":"https:\/\/vingolf.dk\/index.php\/vedtaegter\/","title":{"rendered":"Vedt\u00e6gter"},"content":{"rendered":"\n<p>Grundejerforeningen Vingolf<\/p>\n\n\n\n<p>Holl\u00f8selund 1. august 2022<\/p>\n\n\n\n<p>Vedt\u00e6gter<\/p>\n\n\n\n<p>\u00a71Stk. 1 Grundejerforeningen \u201cVingolf\u201d \u2018s omr\u00e5de er matr.nr. 12aa m.fl., 16a1 m.fl.,11 cf m.fl. Holl\u00f8selund by, Vejby sogn og samtlige parceller, der udstykkes herfra. Dens hjemsted er Gribskov kommune.<\/p>\n\n\n\n<p>\u00a72<\/p>\n\n\n\n<p>Stk. 1 Grundejerforeningen er stiftet i henhold til servitutter, der lyses p\u00e5 ovenn\u00e6vnte matr.nr. og har til form\u00e5l i overensstemmelse med n\u00e6vnte servitutter at varetage medlemmernes f\u00e6lles grundejerinteresser s\u00e5vel indadtil som udadtil, herunder forest\u00e5 administration, og vedligeholdelse af veje, rabatter, dr\u00e6n samt andre f\u00e6lles opgaver.<\/p>\n\n\n\n<p>\u00a73<br>Stk. 1 Foreningen er upolitisk og kan ved en generalforsamlings vedtagelse tilsluttes en eventuel sammenslutning af grundejerforeninger i Holl\u00f8selund, ligesom foreningen efter generalforsamlingsbeslutning kan tilsluttes en hovedorganisation af grundejerforeninger.<\/p>\n\n\n\n<p>Stk. 2 Som medlemmer skal optages grundejere, som er retm\u00e6ssige ejere af parceller, der er udstykket af de i \u00a71 n\u00e6vnte matr.nr. Andre grundejere kan ved almindelig generalforsamlingsbeslutning optages som medlemmer p\u00e5 vilk\u00e5r, som fasts\u00e6ttes af generalforsamlingen.<\/p>\n\n\n\n<p>Stk. 3 Oph\u00f8rer et medlem at v\u00e6re ejer af en parcel, jf. Stk. 2., bortfalder medlemsretten, og vedkommende udtr\u00e6der af foreningen uden krav p\u00e5 refusion af kontingent eller udbetaling af foreningens formue.<\/p>\n\n\n\n<p>Stk. 4 Medlemspligten for ejere af parceller omfattet af \u00a71 indtr\u00e6der samtidig med erhvervelsen, uanset p\u00e5 hvilken m\u00e5de denne finder sted, og nye medlemmer erholder ved indtr\u00e6den anpartsvis ret til foreningens formue. Til d\u00e6kning af administrationsomkostninger m.v. betales af ny ejer ved indtr\u00e6den et ejerskiftegebyr, svarende til det p\u00e5g\u00e6ldende \u00e5rs kontingent.<\/p>\n\n\n\n<p>Stk. 5 S\u00e5vel den tidligere som den nye ejer h\u00e6fter over for foreningen for eventuelle restancer pr. overtagelsesdagen, og den tidligere ejer h\u00e6fter tillige solidarisk med den nye ejer, indtil ejerskiftet er anmeldt over for foreningens kasserer.<strong><\/strong><\/p>\n\n\n\n<p>\u00a74<br>Stk. 1 Meddelelse om ejerskifte skal senest 14 dage efter handelens indg\u00e5else fremsendes til foreningens kasserer.<\/p>\n\n\n\n<p>Stk. 2 Foreningens medlemmer skal meddele adresse\u00e6ndringer til kasseren senest 14 dage efter flytning. En grundejer er forpligtet til at s\u00f8rge for, at foreningen til enhver tid har grundejerens g\u00e6ldende e-mailadresse.<\/p>\n\n\n\n<p>\u00a75<\/p>\n\n\n\n<p>Stk. 1 Medlemmerne skal respektere de p\u00e5 parcellerne hvilende servitutter m.v. og overholde foreningens ordensbestemmelser, der fasts\u00e6ttes af generalforsamlingen.<\/p>\n\n\n\n<p>Stk. 2 Undlader et medlem at opfylde sine forpligtelser if\u00f8lge servitutter og ordensbestemmelser, kan foreningens bestyrelse p\u00e5 det p\u00e5g\u00e6ldende medlems bekostning tr\u00e6ffe de n\u00f8dvendige foranstaltninger til at genoprette disse forpligtelser.<\/p>\n\n\n\n<p>\u00a76<\/p>\n\n\n\n<p>Stk. 1 Medlemmerne er med hensyn til benyttelse og bebyggelse af parcellerne underkastet de i \u00a7 2 omtalte servitutter samt i s\u00e5danne deklarationer og servitutter, som i forbindelse med udstykning, grundmodning eller bebyggelse med eller uden pant, m\u00e5tte blive kr\u00e6vet p\u00e5lagt af det offentlige eller andre.<\/p>\n\n\n\n<p>\u00a77<\/p>\n\n\n\n<p>Stk. 1 Kontingentet fasts\u00e6ttes af den ordin\u00e6re generalforsamling. Kontingentet betales \u00e5rligt forud og skal v\u00e6re betalt inden den 1. april.<\/p>\n\n\n\n<p>Stk. 2 Kontingentrestancer og andre p\u00e5lagte bidrag medf\u00f8rer, at det p\u00e5g\u00e6ldende medlems stemmeret er suspenderet, indtil restancen og \u00f8vrige omkostninger er indbetalt.<\/p>\n\n\n\n<p>\u00a78<\/p>\n\n\n\n<p>Stk. 1 Medlemmer h\u00e6fter solidarisk for dispositioner foretaget af bestyrelsen i henhold til bemyndigelse i vedt\u00e6gter eller efter s\u00e6rlig bemyndigelse fra generalforsamlingen. Medlemmer h\u00e6fter dog h\u00f8jst med 1000 kr. pr. parcel.<\/p>\n\n\n\n<p>\u00a79<\/p>\n\n\n\n<p>Stk. 1 Bestyrelsen best\u00e5r af 5 medlemmer, der v\u00e6lges p\u00e5 den ordin\u00e6re generalforsamling. Generalforsamlingen v\u00e6lger formand, n\u00e6stformand, kasserer, sekret\u00e6r og bestyrelsesmedlem. Derudover skal der v\u00e6lges 2 suppleanter samt 2 revisorer.<\/p>\n\n\n\n<p>Stk. 2 Der afg\u00e5r p\u00e5 skift 2 og 3 medlemmer hvert \u00e5r. l lige \u00e5r afg\u00e5r formand og sekret\u00e6r. I ulige \u00e5r afg\u00e5r n\u00e6stformand, kasserer og 1 bestyrelsesmedlem. Suppleanter og revisorer afg\u00e5r ligeledes p\u00e5 skift s\u00e5ledes, at der hvert \u00e5r afg\u00e5r 1 suppleant og 1 revisor. Genvalg kan finde sted. Formand og en yderligere fra bestyrelsen er medlem af trappelauget.<\/p>\n\n\n\n<p>Stk. 3 Hvervet som bestyrelsesmedlem er ul\u00f8nnet, dog kan der, dersom det efter arbejdets karakter sk\u00f8nnes rimeligt, efter generalforsamlingsbeslutning ydes formanden og kassereren et passende honorar.<\/p>\n\n\n\n<p>Stk. 4 Bestyrelsen fasts\u00e6tter selv sin forretningsorden, og der tages referat fra hvert m\u00f8de. Referatet g\u00f8res tilg\u00e6ngeligt p\u00e5 foreningens hjemmeside senest 1 m\u00e5ned efter m\u00f8dets afholdelse.<\/p>\n\n\n\n<p>Stk. 5 Bestyrelsen er berettiget til under ansvar over for generalforsamlingen i forn\u00f8dent omfang at engagere eksperter, hvor dette sk\u00f8nnes n\u00f8dvendigt, f.eks. advokat, landinspekt\u00f8r, entrepren\u00f8r og ingeni\u00f8r.<\/p>\n\n\n\n<p>Stk. 6 Det p\u00e5hviler bestyrelsen l\u00f8bende at drage omsorg for ejerforeningens omr\u00e5de. Bestyrelsen kan inden for det af generalforsamlingen godkendte budget tr\u00e6ffe bindende beslutninger, der vedr\u00f8rer opfyldelsen af grundejerforeningens form\u00e5l, jf \u00a7 2. Arbejder, der ikke fremg\u00e5r af det af generalforsamlingen godkendte budget, og som andrager mere end 50 % af foreningens \u00e5rlige kontingentindt\u00e6gter, kan f\u00f8rst udf\u00f8res efter godkendelse af generalforsamlingen.<\/p>\n\n\n\n<p>\u00a710<\/p>\n\n\n\n<p>Stk. 1 Bestyrelsen kan til l\u00f8sning af specielle opgaver neds\u00e6tte udvalg, der kan best\u00e5 af medlemmerne uden for bestyrelsen, idet udvalgsformanden dog altid skal v\u00e6re et bestyrelsesmedlem.<\/p>\n\n\n\n<p>Stk. 2 Bestyrelsen repr\u00e6senterer foreningen udadtil i enhver henseende, s\u00e5vel overfor offentlige myndigheder som overfor private. Denne r\u00e5der over foreningens midler i overensstemmelse med vedt\u00e6gterne og de p\u00e5 generalforsamlingen trufne beslutninger.<\/p>\n\n\n\n<p>\u00a711<\/p>\n\n\n\n<p>Stk. 1 Bestyrelsesm\u00f8der afholdes s\u00e5 ofte, formanden finder det n\u00f8dvendigt eller, n\u00e5r mindst 2 bestyrelsesmedlemmer forlanger det.<\/p>\n\n\n\n<p>Stk. 2 Bestyrelsen er beslutningsdygtig, n\u00e5r mindst 3 medlemmer er til stede, heraf enten formand eller n\u00e6stformand.<\/p>\n\n\n\n<p>Stk. 3 Formanden \u2013 eller i hans frav\u00e6r n\u00e6stformanden \u2013 leder bestyrelsesm\u00f8derne og har i tilf\u00e6lde af stemmelighed den afg\u00f8rende stemme.<\/p>\n\n\n\n<p>Stk. 4 S\u00e5fremt et bestyrelsesmedlem tr\u00e6der ud af foreningen, skal bestyrelsen snarest muligt ved selvvalg supplere sig ved 1. suppleanten.<\/p>\n\n\n\n<p>\u00a712<\/p>\n\n\n\n<p>Stk. 1 Kassereren modtager foreningens indt\u00e6gter og udbetaler alle af formanden godkendte udgifter. Kassereren f\u00f8rer kassebog samt en medlemsfortegnelse. Kassebeholdningen skal anbringes i bank. S\u00e5fremt foreningens midler \u00f8nskes investeret i v\u00e6rdipapirer skal bestyrelsen indhente accept af generalforsamlingen. Kassereren kan disponere over foreningens midler efter aftale med formanden.<\/p>\n\n\n\n<p>Stk. 2 Foreningens regnskab er fra 1\/1 til 31\/12. Regnskabet skal foreligge fuldt f\u00e6rdigt og revideret senest den 1. april.<\/p>\n\n\n\n<p>\u00a713<\/p>\n\n\n\n<p>Stk. 1 Generalforsamlingen er foreningens h\u00f8jeste myndighed. Kun den kan give, \u00e6ndre eller oph\u00e6ve vedt\u00e6gter.<\/p>\n\n\n\n<p>Den ordin\u00e6re generalforsamling afholdes hvert \u00e5r inden udgangen af maj m\u00e5ned.<\/p>\n\n\n\n<p>Medlemmerne skal indkaldes ved e-mail eller brev med mindst 14 dages varsel.<\/p>\n\n\n\n<p>Generalforsamlinger og m\u00f8der indkaldes af bestyrelsen.<\/p>\n\n\n\n<p>Indkaldelsen skal indeholde meddelelse om, hvilke emner, der vil v\u00e6re at behandle p\u00e5 generalforsamlingen.<\/p>\n\n\n\n<p>Stk. 2 Forslag fra medlemmerne eller sager, der af medlemmerne \u00f8nskes behandlet af generalforsamlingen eller p\u00e5 m\u00f8der, skal skriftligt tilsendes bestyrelsen senest d. 1. april.<\/p>\n\n\n\n<p>Forslagsstillere skal v\u00e6re til stede (evt. repr\u00e6senteret ved fuldmagt) p\u00e5 generalforsamlingen og motivere deres forslag. l modsat fald kan forslaget ikke behandles.<\/p>\n\n\n\n<p>Stk. 3 Generalforsamlinger ledes af en dirigent, der v\u00e6lges af forsamlingen. Dirigenten m\u00e5 ikke v\u00e6re et bestyrelsesmedlem eller revisor i foreningen medmindre, det ikke har v\u00e6ret muligt at v\u00e6lge en anden.<\/p>\n\n\n\n<p>\u00a714<\/p>\n\n\n\n<p>Stk. 1 For den ordin\u00e6re generalforsamling skal der g\u00e6lde f\u00f8lgende dagsorden:<\/p>\n\n\n\n<p>1. Valg af dirigent.<\/p>\n\n\n\n<p>2. Formanden afl\u00e6gger beretning.<\/p>\n\n\n\n<p>3. Forel\u00e6ggelse af det reviderede regnskab til godkendelse.<\/p>\n\n\n\n<p>4. Fasts\u00e6ttelse af kontingent.<\/p>\n\n\n\n<p>5. Godkendelse af budget<\/p>\n\n\n\n<p>6. Eventuelle forslag.<\/p>\n\n\n\n<p>7. Valg af medlemmer til bestyrelsen, jfr. \u00a7 9.<\/p>\n\n\n\n<p>8. Valg af 1 suppleant til bestyrelsen, jfr. \u00a7 9.<\/p>\n\n\n\n<p>9. Valg af 1 revisor, jfr. \u00a7 9.<\/p>\n\n\n\n<p>10. Eventuelt.<\/p>\n\n\n\n<p>\u00a715<\/p>\n\n\n\n<p>Stk. 1 Alle valg og almindeligt foreliggende sager afg\u00f8res ved simpelt flertal. Afstemning kan ske ved h\u00e5ndsopr\u00e6kning. Dog skal afstemning ske skriftligt, n\u00e5r blot 1 medlem kr\u00e6ver det. Hver parcel giver 1 stemme. Dog har ejere af flere parceller h\u00f8jst 2 stemmer. Det er tilladt at lade sig repr\u00e6sentere ved skriftlig fuldmagt, dog m\u00e5 ingen m\u00f8de ved fuldmagt fra mere end 1 andet medlem.<\/p>\n\n\n\n<p>Stk. 2 Til vedt\u00e6gts\u00e6ndringer fordres, at mindst halvdelen af medlemmerne er til stede og afgiver stemme, og at beslutningen vedtages med mindst 2\/3 af de afgivne stemmer. Blanke stemmer regnes for ikke afgivne. Er det foreskrevne antal medlemmer ikke til stede, indkaldes inden en m\u00e5ned med mindst 8 dages varsel en ny generalforsamling, p\u00e5 hvilken der, uden hensyn til de m\u00f8dendes antal, kan tages gyldig beslutning, s\u00e5fremt 2\/3 af de tilstedev\u00e6rende medlemmer stemmer for forslaget.<\/p>\n\n\n\n<p>\u00a716<\/p>\n\n\n\n<p>Stk. 1 Ekstraordin\u00e6re generalforsamlinger afholdes, n\u00e5r bestyrelsen m\u00e5tte sk\u00f8nne det form\u00e5lstjenligt eller, n\u00e5r mindst 1\/3 af foreningens stemmeberettigede medlemmer frems\u00e6tter skriftligt \u00f8nske herom.<\/p>\n\n\n\n<p>Stk. 2 Indkaldelse til ekstraordin\u00e6r generalforsamling skal ske med samme varsel og p\u00e5 samme m\u00e5de som den ordin\u00e6re generalforsamling med angivelse af de til forhandling fastsatte emner.<\/p>\n\n\n\n<p>Stk. 3 S\u00e5fremt den ekstraordin\u00e6re generalforsamling indkaldes efter \u00f8nske af medlemmer, skal medlemmerne samtidig med beg\u00e6ringens frems\u00e6ttelse meddele hvilke emner, der \u00f8nskes behandlet, og bestyrelsen er herefter forpligtet til senest 14 dage efter at udsende indkaldelse til den ekstraordin\u00e6re generalforsamling.<\/p>\n\n\n\n<p>\u00a717<\/p>\n\n\n\n<p>Stk. 1 Der tages referat fra generalforsamlingen, og referatet underskrives af dirigenten og referenten, hvorefter referatet udsendes til medlemmerne samt l\u00e6gges p\u00e5 foreningens hjemmeside.<\/p>\n\n\n\n<p>\u00a718<\/p>\n\n\n\n<p>Stk. 1 De af den ordin\u00e6re eller ekstraordin\u00e6re generalforsamling trufne beslutninger er g\u00e6ldende for medlemmerne. Eventuel indbringelse af de trufne beslutninger for domstolene har ikke ops\u00e6ttende virkning.<\/p>\n\n\n\n<p>Vedtaget p\u00e5 den stiftende generalforsamling d. 11.10.1967.<\/p>\n\n\n\n<p>\u00c6ndringer til \u00a7\u00a7 1, 2, 12 er vedtaget p\u00e5 ekstraordin\u00e6r generalforsamling d. 31.3.1979.<\/p>\n\n\n\n<p>\u00c6ndringer til \u00a7\u00a7 9, 12, 13, 15, 17 er vedtaget p\u00e5 ekstraordin\u00e6r generalforsamling d.25.5.1986.<\/p>\n\n\n\n<p>\u00c6ndringer til \u00a7\u00a7 3, 4, 5, 6, 9, 12, 13, 15, 16 er vedtaget p\u00e5 ekstraordin\u00e6r generalforsamling d. 27.5.1996<\/p>\n\n\n\n<p>\u00c6ndringer til \u00a7\u00a7 1-18 er vedtaget p\u00e5 ekstraordin\u00e6r generalforsamling d. 29.5.2022<\/p>\n","protected":false},"excerpt":{"rendered":"<p>Grundejerforeningen Vingolf Holl\u00f8selund 1. august 2022 Vedt\u00e6gter \u00a71Stk. 1 Grundejerforeningen \u201cVingolf\u201d \u2018s omr\u00e5de er matr.nr. 12aa m.fl., 16a1 m.fl.,11 cf m.fl. Holl\u00f8selund by, Vejby sogn og samtlige parceller, der udstykkes herfra. Dens hjemsted er Gribskov kommune. \u00a72 Stk. 1 Grundejerforeningen &hellip; <a href=\"https:\/\/vingolf.dk\/index.php\/vedtaegter\/\">L\u00e6s resten <span class=\"meta-nav\">&rarr;<\/span><\/a><\/p>\n","protected":false},"author":1,"featured_media":0,"parent":0,"menu_order":0,"comment_status":"closed","ping_status":"closed","template":"sidebar-page.php","meta":{"footnotes":""},"class_list":["post-93","page","type-page","status-publish","hentry"],"_links":{"self":[{"href":"https:\/\/vingolf.dk\/index.php\/wp-json\/wp\/v2\/pages\/93","targetHints":{"allow":["GET"]}}],"collection":[{"href":"https:\/\/vingolf.dk\/index.php\/wp-json\/wp\/v2\/pages"}],"about":[{"href":"https:\/\/vingolf.dk\/index.php\/wp-json\/wp\/v2\/types\/page"}],"author":[{"embeddable":true,"href":"https:\/\/vingolf.dk\/index.php\/wp-json\/wp\/v2\/users\/1"}],"replies":[{"embeddable":true,"href":"https:\/\/vingolf.dk\/index.php\/wp-json\/wp\/v2\/comments?post=93"}],"version-history":[{"count":4,"href":"https:\/\/vingolf.dk\/index.php\/wp-json\/wp\/v2\/pages\/93\/revisions"}],"predecessor-version":[{"id":277,"href":"https:\/\/vingolf.dk\/index.php\/wp-json\/wp\/v2\/pages\/93\/revisions\/277"}],"wp:attachment":[{"href":"https:\/\/vingolf.dk\/index.php\/wp-json\/wp\/v2\/media?parent=93"}],"curies":[{"name":"wp","href":"https:\/\/api.w.org\/{rel}","templated":true}]}}